{"id":873,"date":"2025-03-14T00:22:13","date_gmt":"2025-03-13T23:22:13","guid":{"rendered":"https:\/\/www.nanai.living\/?page_id=873"},"modified":"2025-04-16T00:35:48","modified_gmt":"2025-04-15T22:35:48","slug":"modelos-de-negocio","status":"publish","type":"page","link":"https:\/\/www.nanai.living\/index.php\/modelos-de-negocio\/","title":{"rendered":"Modelos de Negocio"},"content":{"rendered":"\n<style type=\"text\/css\" data-created_by=\"avia_inline_auto\" id=\"style-css-av-145nae-533e5eec52a68e97c1652f71aeb38d31\">\n.avia-section.av-145nae-533e5eec52a68e97c1652f71aeb38d31{\nbackground-repeat:no-repeat;\nbackground-image:url(https:\/\/www.nanai.living\/wp-content\/uploads\/2025\/03\/Nanai_MN_Banner-300x176.jpg);\nbackground-position:50% 50%;\nbackground-attachment:scroll;\n}\n.avia-section.av-145nae-533e5eec52a68e97c1652f71aeb38d31 .av-section-color-overlay{\nopacity:0.6;\nbackground-color:#084a79;\n}\n<\/style>\n<div id='av_section_1'  class='avia-section av-145nae-533e5eec52a68e97c1652f71aeb38d31 main_color avia-section-default avia-no-border-styling  avia-builder-el-0  el_before_av_section  avia-builder-el-first  avia-full-stretch avia-bg-style-scroll av-section-color-overlay-active av-minimum-height av-minimum-height-custom av-height-custom  container_wrap fullsize'  data-section-bg-repeat='stretch' data-av_minimum_height_px='230'><div class=\"av-section-color-overlay-wrap\"><div class=\"av-section-color-overlay\"><\/div><div class='container av-section-cont-open' style='height:230px'><main  role=\"main\" itemprop=\"mainContentOfPage\"  class='template-page content  av-content-full alpha units'><div class='post-entry post-entry-type-page post-entry-873'><div class='entry-content-wrapper clearfix'>\n\n<style type=\"text\/css\" data-created_by=\"avia_inline_auto\" id=\"style-css-av-jgf3pjem-ee2a691ebc0a9a100bc99d372a9c72ca\">\n#top .flex_column.av-jgf3pjem-ee2a691ebc0a9a100bc99d372a9c72ca{\nmargin-top:0px;\nmargin-bottom:0px;\n}\n.flex_column.av-jgf3pjem-ee2a691ebc0a9a100bc99d372a9c72ca{\nborder-radius:0px 0px 0px 0px;\npadding:0px 0px 0px 0px;\n}\n.responsive #top #wrap_all .flex_column.av-jgf3pjem-ee2a691ebc0a9a100bc99d372a9c72ca{\nmargin-top:0px;\nmargin-bottom:0px;\n}\n<\/style>\n<div  class='flex_column av-jgf3pjem-ee2a691ebc0a9a100bc99d372a9c72ca av_one_full  avia-builder-el-1  avia-builder-el-no-sibling  first flex_column_div av-animated-generic left-to-right av-zero-column-padding  '     ><style type=\"text\/css\" data-created_by=\"avia_inline_auto\" id=\"style-css-av-jgs0mnr3-d50c3bd1b9c36f56f5f1d0ec002a494d\">\n#top .av-special-heading.av-jgs0mnr3-d50c3bd1b9c36f56f5f1d0ec002a494d{\nmargin:0 0 0 0;\npadding-bottom:0;\ncolor:#ffffff;\nfont-size:4vw;\n}\nbody .av-special-heading.av-jgs0mnr3-d50c3bd1b9c36f56f5f1d0ec002a494d .av-special-heading-tag .heading-char{\nfont-size:25px;\n}\n#top #wrap_all .av-special-heading.av-jgs0mnr3-d50c3bd1b9c36f56f5f1d0ec002a494d .av-special-heading-tag{\nfont-size:4vw;\n}\n.av-special-heading.av-jgs0mnr3-d50c3bd1b9c36f56f5f1d0ec002a494d .special-heading-inner-border{\nborder-color:#ffffff;\n}\n.av-special-heading.av-jgs0mnr3-d50c3bd1b9c36f56f5f1d0ec002a494d .av-subheading{\nfont-size:25px;\n}\n\n@media only screen and (min-width: 480px) and (max-width: 767px){ \n#top #wrap_all .av-special-heading.av-jgs0mnr3-d50c3bd1b9c36f56f5f1d0ec002a494d .av-special-heading-tag{\nfont-size:0.8em;\n}\n}\n\n@media only screen and (max-width: 479px){ \n#top #wrap_all .av-special-heading.av-jgs0mnr3-d50c3bd1b9c36f56f5f1d0ec002a494d .av-special-heading-tag{\nfont-size:0.8em;\n}\n}\n<\/style>\n<div  class='av-special-heading av-jgs0mnr3-d50c3bd1b9c36f56f5f1d0ec002a494d av-special-heading-h3 custom-color-heading blockquote modern-quote modern-centered  avia-builder-el-2  avia-builder-el-no-sibling  av-inherit-size'><h3 class='av-special-heading-tag '  itemprop=\"headline\"  >Modelos de Negocio<\/h3><div class=\"special-heading-border\"><div class=\"special-heading-inner-border\"><\/div><\/div><\/div><\/div>\n\n<\/div><\/div><\/main><!-- close content main element --><\/div><\/div><\/div><div id='av_section_2'  class='avia-section av-qet8u-83147d0d40d9d249d4aacaaedd222aa0 main_color avia-section-huge avia-no-border-styling  avia-builder-el-3  el_after_av_section  el_before_av_section  avia-bg-style-scroll container_wrap fullsize'  ><div class='container av-section-cont-open' ><div class='template-page content  av-content-full alpha units'><div class='post-entry post-entry-type-page post-entry-873'><div class='entry-content-wrapper clearfix'>\n\n<style type=\"text\/css\" data-created_by=\"avia_inline_auto\" id=\"style-css-av-9wkhy-5a7b8f1de5feaad957d748638c881472\">\n#top .flex_column.av-9wkhy-5a7b8f1de5feaad957d748638c881472{\nmargin-top:0px;\nmargin-bottom:0px;\n}\n.flex_column.av-9wkhy-5a7b8f1de5feaad957d748638c881472{\nborder-radius:3px 3px 3px 3px;\npadding:0px 0px 0px 0px;\n}\n.responsive #top #wrap_all .flex_column.av-9wkhy-5a7b8f1de5feaad957d748638c881472{\nmargin-top:0px;\nmargin-bottom:0px;\n}\n<\/style>\n<div  class='flex_column av-9wkhy-5a7b8f1de5feaad957d748638c881472 av_one_half  avia-builder-el-4  el_before_av_one_half  avia-builder-el-first  first flex_column_div av-animated-generic left-to-right av-zero-column-padding  '     ><p>\n<style type=\"text\/css\" data-created_by=\"avia_inline_auto\" id=\"style-css-av-m93akqs3-29e05da26820d87cb194fa1c30d7e4e4\">\n.avia-image-container.av-m93akqs3-29e05da26820d87cb194fa1c30d7e4e4 img.avia_image{\nbox-shadow:none;\n}\n.avia-image-container.av-m93akqs3-29e05da26820d87cb194fa1c30d7e4e4 .av-image-caption-overlay-center{\ncolor:#ffffff;\n}\n<\/style>\n<div  class='avia-image-container av-m93akqs3-29e05da26820d87cb194fa1c30d7e4e4 av-styling- avia-align-left  avia-builder-el-5  el_before_av_heading  avia-builder-el-first '   itemprop=\"image\" itemscope=\"itemscope\" itemtype=\"https:\/\/schema.org\/ImageObject\" ><div class=\"avia-image-container-inner\"><div class=\"avia-image-overlay-wrap\"><img decoding=\"async\" fetchpriority=\"high\" class='wp-image-905 avia-img-lazy-loading-not-905 avia_image ' src=\"https:\/\/www.nanai.living\/wp-content\/uploads\/2025\/04\/ModeloResidencial-495x316.jpg\" alt='' title='ModeloResidencial'  height=\"316\" width=\"495\"  itemprop=\"thumbnailUrl\"  \/><\/div><\/div><\/div><br \/>\n\n<style type=\"text\/css\" data-created_by=\"avia_inline_auto\" id=\"style-css-av-jgrxw141-3b12644a2b9c037ac246bd8ebf932183\">\n#top .av-special-heading.av-jgrxw141-3b12644a2b9c037ac246bd8ebf932183{\nmargin:50px 0 0 0;\npadding-bottom:10px;\n}\nbody .av-special-heading.av-jgrxw141-3b12644a2b9c037ac246bd8ebf932183 .av-special-heading-tag .heading-char{\nfont-size:25px;\n}\n.av-special-heading.av-jgrxw141-3b12644a2b9c037ac246bd8ebf932183 .av-subheading{\nfont-size:15px;\n}\n<\/style>\n<div  class='av-special-heading av-jgrxw141-3b12644a2b9c037ac246bd8ebf932183 av-special-heading-h2 blockquote modern-quote  avia-builder-el-6  el_after_av_image  el_before_av_textblock '><h2 class='av-special-heading-tag '  itemprop=\"headline\"  >Residencial<\/h2><div class=\"special-heading-border\"><div class=\"special-heading-inner-border\"><\/div><\/div><\/div><br \/>\n<section  class='av_textblock_section av-jgds8wgh-c51f1e05bffede28f163405498609c59 '   itemscope=\"itemscope\" itemtype=\"https:\/\/schema.org\/CreativeWork\" ><div class='avia_textblock'  itemprop=\"text\" ><p><strong>Nanai<\/strong> presenta un modelo residencial asistido, especialmente dise\u00f1ado para personas mayores que requieren mayor nivel de acompa\u00f1amiento y supervisi\u00f3n en su vida diaria. Este formato est\u00e1 pensado para quienes necesitan asistencia constante y no cuentan con la autonom\u00eda suficiente para desplazarse o realizar actividades cotidianas sin apoyo.<br \/>\nNuestro enfoque se basa en ofrecer espacios seguros, adaptados y funcionales, combinados con un sistema de cuidados progresivos y escalables. El residente vive en un entorno cuidado y contenido, donde se prioriza su salud, bienestar y calidad de vida.<br \/>\nEn <strong>Residencial Nanai<\/strong>, desde el cuidado cl\u00ednico hasta la estimulaci\u00f3n emocional y social, cada aspecto est\u00e1 dise\u00f1ado para que el adulto mayor reciba atenci\u00f3n integral, sin perder su dignidad ni su conexi\u00f3n con el entorno familiar.<\/p>\n<\/div><\/section><\/p><\/div>\n<style type=\"text\/css\" data-created_by=\"avia_inline_auto\" id=\"style-css-av-9wkhy-55-7762e540349080691b8192257454a461\">\n#top .flex_column.av-9wkhy-55-7762e540349080691b8192257454a461{\nmargin-top:0px;\nmargin-bottom:0px;\n}\n.flex_column.av-9wkhy-55-7762e540349080691b8192257454a461{\nborder-radius:3px 3px 3px 3px;\npadding:0px 0px 0px 0px;\n}\n.responsive #top #wrap_all .flex_column.av-9wkhy-55-7762e540349080691b8192257454a461{\nmargin-top:0px;\nmargin-bottom:0px;\n}\n<\/style>\n<div  class='flex_column av-9wkhy-55-7762e540349080691b8192257454a461 av_one_half  avia-builder-el-8  el_after_av_one_half  avia-builder-el-last  flex_column_div av-animated-generic left-to-right av-zero-column-padding  '     ><p>\n<style type=\"text\/css\" data-created_by=\"avia_inline_auto\" id=\"style-css-av-m93b3f6q-e7eafb5c20d51f4a7be8ce90319b449e\">\n.avia-image-container.av-m93b3f6q-e7eafb5c20d51f4a7be8ce90319b449e img.avia_image{\nbox-shadow:none;\n}\n.avia-image-container.av-m93b3f6q-e7eafb5c20d51f4a7be8ce90319b449e .av-image-caption-overlay-center{\ncolor:#ffffff;\n}\n<\/style>\n<div  class='avia-image-container av-m93b3f6q-e7eafb5c20d51f4a7be8ce90319b449e av-styling- avia-align-left  avia-builder-el-9  el_before_av_heading  avia-builder-el-first '   itemprop=\"image\" itemscope=\"itemscope\" itemtype=\"https:\/\/schema.org\/ImageObject\" ><div class=\"avia-image-container-inner\"><div class=\"avia-image-overlay-wrap\"><img decoding=\"async\" fetchpriority=\"high\" class='wp-image-904 avia-img-lazy-loading-not-904 avia_image ' src=\"https:\/\/www.nanai.living\/wp-content\/uploads\/2025\/04\/ModeloHabitacional-495x316.jpg\" alt='' title='ModeloHabitacional'  height=\"316\" width=\"495\"  itemprop=\"thumbnailUrl\"  \/><\/div><\/div><\/div><br \/>\n\n<style type=\"text\/css\" data-created_by=\"avia_inline_auto\" id=\"style-css-av-jgrxw7ga-dfc2c18da798d74a52b5107fca20fef4\">\n#top .av-special-heading.av-jgrxw7ga-dfc2c18da798d74a52b5107fca20fef4{\nmargin:50px 0 0 0;\npadding-bottom:10px;\n}\nbody .av-special-heading.av-jgrxw7ga-dfc2c18da798d74a52b5107fca20fef4 .av-special-heading-tag .heading-char{\nfont-size:25px;\n}\n.av-special-heading.av-jgrxw7ga-dfc2c18da798d74a52b5107fca20fef4 .av-subheading{\nfont-size:15px;\n}\n<\/style>\n<div  class='av-special-heading av-jgrxw7ga-dfc2c18da798d74a52b5107fca20fef4 av-special-heading-h2 blockquote modern-quote  avia-builder-el-10  el_after_av_image  el_before_av_textblock '><h2 class='av-special-heading-tag '  itemprop=\"headline\"  >Habitacional<\/h2><div class=\"special-heading-border\"><div class=\"special-heading-inner-border\"><\/div><\/div><\/div><br \/>\n<section  class='av_textblock_section av-jgds8wgh-54-88b4f09eaa8a4d7aaa5d5f67c1742737 '   itemscope=\"itemscope\" itemtype=\"https:\/\/schema.org\/CreativeWork\" ><div class='avia_textblock'  itemprop=\"text\" ><p><strong>Nanai<\/strong> ofrece un modelo habitacional de alta gama, orientado a adultos mayores activos, con plena autonom\u00eda y capacidad de decisi\u00f3n sobre su d\u00eda a d\u00eda. En este formato los residentes pueden ingresar y salir libremente, manteniendo su independencia, estilo de vida y privacidad, en un entorno adaptado y estimulante.<br \/>\nCon un enfoque intergeneracional y participativo, el modelo habitacional promueve el bienestar, la conexi\u00f3n social y el desarrollo personal. Nanai no es s\u00f3lo un lugar para vivir, sino una experiencia de comunidad, confort y esparcimiento, donde el adulto mayor elige c\u00f3mo y con qui\u00e9n pasar su tiempo.<br \/>\nEl acompa\u00f1amiento profesional est\u00e1 disponible, pero siempre desde una mirada no invasiva, respetando los tiempos, decisiones y preferencias de cada residente. Ideal para quienes buscan un hogar con servicios, actividades, y un entorno cuidado, sin resignar su independencia.<\/p>\n<\/div><\/section><\/p><\/div><\/div><\/div><\/div><!-- close content main div --><\/div><\/div>\n<style type=\"text\/css\" data-created_by=\"avia_inline_auto\" id=\"style-css-av-qet8u-56-64391e820c5b5dcfba0c6b5f58bf8c3e\">\n.avia-section.av-qet8u-56-64391e820c5b5dcfba0c6b5f58bf8c3e{\nbackground-color:#094978;\nbackground:linear-gradient( to top right, #094978, #105e96 );\n}\n<\/style>\n<div id='av_section_3'  class='avia-section av-qet8u-56-64391e820c5b5dcfba0c6b5f58bf8c3e main_color avia-section-default avia-no-border-styling  avia-builder-el-12  el_after_av_section  el_before_av_one_third  avia-bg-style-scroll container_wrap fullsize'  ><div class='container av-section-cont-open' ><div class='template-page content  av-content-full alpha units'><div class='post-entry post-entry-type-page post-entry-873'><div class='entry-content-wrapper clearfix'>\n<div class='flex_column_table av-lsyke-2634925810cdf971c2a347148155bd71 sc-av_one_full av-equal-height-column-flextable'>\n<style type=\"text\/css\" data-created_by=\"avia_inline_auto\" id=\"style-css-av-lsyke-2634925810cdf971c2a347148155bd71\">\n.flex_column.av-lsyke-2634925810cdf971c2a347148155bd71{\nborder-radius:0px 0px 0px 0px;\npadding:0px 0px 0px 0px;\n}\n<\/style>\n<div  class='flex_column av-lsyke-2634925810cdf971c2a347148155bd71 av_one_full  avia-builder-el-13  avia-builder-el-no-sibling  first flex_column_table_cell av-equal-height-column av-align-middle av-zero-column-padding  '     ><p>\n<style type=\"text\/css\" data-created_by=\"avia_inline_auto\" id=\"style-css-av-96c1y-de94d49046f0b9e7e204ba0f3278235e\">\n#top .av-special-heading.av-96c1y-de94d49046f0b9e7e204ba0f3278235e{\npadding-bottom:30px;\ncolor:#ffffff;\nfont-size:27px;\n}\nbody .av-special-heading.av-96c1y-de94d49046f0b9e7e204ba0f3278235e .av-special-heading-tag .heading-char{\nfont-size:25px;\n}\n#top #wrap_all .av-special-heading.av-96c1y-de94d49046f0b9e7e204ba0f3278235e .av-special-heading-tag{\nfont-size:27px;\n}\n.av-special-heading.av-96c1y-de94d49046f0b9e7e204ba0f3278235e .special-heading-inner-border{\nborder-color:#ffffff;\n}\n.av-special-heading.av-96c1y-de94d49046f0b9e7e204ba0f3278235e .av-subheading{\nfont-size:15px;\n}\n\n@media only screen and (min-width: 480px) and (max-width: 767px){ \n#top #wrap_all .av-special-heading.av-96c1y-de94d49046f0b9e7e204ba0f3278235e .av-special-heading-tag{\nfont-size:0.8em;\n}\n}\n\n@media only screen and (max-width: 479px){ \n#top #wrap_all .av-special-heading.av-96c1y-de94d49046f0b9e7e204ba0f3278235e .av-special-heading-tag{\nfont-size:0.8em;\n}\n}\n<\/style>\n<div  class='av-special-heading av-96c1y-de94d49046f0b9e7e204ba0f3278235e av-special-heading-h4 custom-color-heading blockquote modern-quote modern-centered  avia-builder-el-14  el_before_av_button  avia-builder-el-first  av-inherit-size'><h4 class='av-special-heading-tag '  itemprop=\"headline\"  >Bienvenidos<\/h4><div class='av_custom_color av-subheading av-subheading_below'><p>Nanai, un lugar para construir momentos inolvidables con familia y amigos<\/p>\n<\/div><div class=\"special-heading-border\"><div class=\"special-heading-inner-border\"><\/div><\/div><\/div><br \/>\n<div  class='avia-button-wrap av-jgf4ovnq-28-73a80a4dc7786d887c6390cb30dbdef7-wrap avia-button-center  avia-builder-el-15  el_after_av_heading  avia-builder-el-last '>\n<style type=\"text\/css\" data-created_by=\"avia_inline_auto\" id=\"style-css-av-jgf4ovnq-28-73a80a4dc7786d887c6390cb30dbdef7\">\n#top #wrap_all .avia-button.av-jgf4ovnq-28-73a80a4dc7786d887c6390cb30dbdef7{\nbackground-color:#ffffff;\nborder-color:#ffffff;\ncolor:#000000;\ntransition:all 0.4s ease-in-out;\n}\n#top #wrap_all .avia-button.av-jgf4ovnq-28-73a80a4dc7786d887c6390cb30dbdef7 .avia-svg-icon svg:first-child{\nfill:#000000;\nstroke:#000000;\n}\n<\/style>\n<a href='https:\/\/www.nanai.living\/index.php\/contactanos\/'  class='avia-button av-jgf4ovnq-28-73a80a4dc7786d887c6390cb30dbdef7 av-link-btn avia-icon_select-no avia-size-large avia-position-center av-icon-on-hover'   aria-label=\"Contactanos\"><span class='avia_iconbox_title' >Contactanos<\/span><\/a><\/div><\/p><\/div><\/div><!--close column table wrapper. Autoclose: 1 -->\n<\/div><\/div><\/div><!-- close content main div --><\/div><\/div><div id='after_section_3'  class='main_color av_default_container_wrap container_wrap fullsize'  ><div class='container av-section-cont-open' ><div class='template-page content  av-content-full alpha units'><div class='post-entry post-entry-type-page post-entry-873'><div class='entry-content-wrapper clearfix'><\/p>\n<div  class='flex_column av-joya1-512a217027952552814b37d01c121ae9 av_one_third  avia-builder-el-16  el_after_av_section  el_before_av_one_third  avia-builder-el-first  first flex_column_div  '     ><\/div>\n<div  class='flex_column av-dstpd-2eea5e72277e3ad89a7376ded5376b69 av_one_third  avia-builder-el-17  el_after_av_one_third  el_before_av_one_third  flex_column_div  '     ><section  class='av_textblock_section av-m9hn5l4r-d88fa991bc4a1ee233ccbfe303de0f11 '   itemscope=\"itemscope\" itemtype=\"https:\/\/schema.org\/CreativeWork\" ><div class='avia_textblock'  itemprop=\"text\" ><p style=\"text-align: center;\"><a href=\"https:\/\/www.innovacion3am.com\/\">Nanai.living es un proyecto de 3am<\/a><\/p>\n<\/div><\/section><\/div>\n<div  class='flex_column av-bc5kp-77ce9919983197db7e5ccba54c0a0cea av_one_third  avia-builder-el-19  el_after_av_one_third  avia-builder-el-last  flex_column_div  '     ><\/div>\n","protected":false},"excerpt":{"rendered":"","protected":false},"author":1,"featured_media":0,"parent":0,"menu_order":0,"comment_status":"closed","ping_status":"closed","template":"","meta":{"footnotes":""},"class_list":["post-873","page","type-page","status-publish","hentry"],"jetpack_sharing_enabled":true,"_links":{"self":[{"href":"https:\/\/www.nanai.living\/index.php\/wp-json\/wp\/v2\/pages\/873","targetHints":{"allow":["GET"]}}],"collection":[{"href":"https:\/\/www.nanai.living\/index.php\/wp-json\/wp\/v2\/pages"}],"about":[{"href":"https:\/\/www.nanai.living\/index.php\/wp-json\/wp\/v2\/types\/page"}],"author":[{"embeddable":true,"href":"https:\/\/www.nanai.living\/index.php\/wp-json\/wp\/v2\/users\/1"}],"replies":[{"embeddable":true,"href":"https:\/\/www.nanai.living\/index.php\/wp-json\/wp\/v2\/comments?post=873"}],"version-history":[{"count":8,"href":"https:\/\/www.nanai.living\/index.php\/wp-json\/wp\/v2\/pages\/873\/revisions"}],"predecessor-version":[{"id":941,"href":"https:\/\/www.nanai.living\/index.php\/wp-json\/wp\/v2\/pages\/873\/revisions\/941"}],"wp:attachment":[{"href":"https:\/\/www.nanai.living\/index.php\/wp-json\/wp\/v2\/media?parent=873"}],"curies":[{"name":"wp","href":"https:\/\/api.w.org\/{rel}","templated":true}]}}