{"id":102,"date":"2015-07-14T16:12:07","date_gmt":"2015-07-14T16:12:07","guid":{"rendered":"http:\/\/test.kriesi.at\/minimal-portfolio\/?page_id=102"},"modified":"2025-04-16T00:31:01","modified_gmt":"2025-04-15T22:31:01","slug":"inicio","status":"publish","type":"page","link":"https:\/\/www.nanai.living\/","title":{"rendered":"Inicio"},"content":{"rendered":"\n<style type=\"text\/css\" data-created_by=\"avia_inline_auto\" id=\"style-css-av-145nae-5df26643cd730adacee21c9829b487db\">\n.avia-section.av-145nae-5df26643cd730adacee21c9829b487db{\nbackground-repeat:no-repeat;\nbackground-image:url(https:\/\/www.nanai.living\/wp-content\/uploads\/2025\/03\/Nanai_Foto_Home1.jpg);\nbackground-position:50% 50%;\nbackground-attachment:scroll;\n}\n.avia-section.av-145nae-5df26643cd730adacee21c9829b487db .av-section-color-overlay{\nopacity:0.6;\nbackground-color:#084a79;\n}\n<\/style>\n<div id='av_section_1'  class='avia-section av-145nae-5df26643cd730adacee21c9829b487db main_color avia-section-no-padding avia-no-border-styling  avia-builder-el-0  el_before_av_section  avia-builder-el-first  avia-full-stretch avia-bg-style-scroll av-section-color-overlay-active av-minimum-height av-minimum-height-custom av-height-custom  container_wrap fullsize'  data-section-bg-repeat='stretch' data-av_minimum_height_px='300'><div class=\"av-section-color-overlay-wrap\"><div class=\"av-section-color-overlay\"><\/div><a href='#next-section' title='' class='scroll-down-link  avia-svg-icon avia-font-svg_entypo-fontello' data-av_svg_icon='down-open-mini' data-av_iconset='svg_entypo-fontello'><svg version=\"1.1\" xmlns=\"http:\/\/www.w3.org\/2000\/svg\" width=\"15\" height=\"32\" viewBox=\"0 0 15 32\" preserveAspectRatio=\"xMidYMid meet\" aria-labelledby='av-svg-title-1' aria-describedby='av-svg-desc-1' role=\"graphics-symbol\" aria-hidden=\"true\">\n<title id='av-svg-title-1'>Scroll to next section<\/title>\n<desc id='av-svg-desc-1'>Scroll to next section<\/desc>\n<path d=\"M12.96 12.16q0.704-0.832 1.536 0 0.832 0.704 0 1.536l-6.272 6.144q-0.704 0.704-1.536 0l-6.272-6.144q-0.832-0.832 0-1.536 0.768-0.768 1.6 0l5.44 4.992z\"><\/path>\n<\/svg><\/a><div class='container av-section-cont-open' style='height:300px'><main  role=\"main\" itemprop=\"mainContentOfPage\"  class='template-page content  av-content-full alpha units'><div class='post-entry post-entry-type-page post-entry-102'><div class='entry-content-wrapper clearfix'>\n\n<style type=\"text\/css\" data-created_by=\"avia_inline_auto\" id=\"style-css-av-jgf3pjem-ee2a691ebc0a9a100bc99d372a9c72ca\">\n#top .flex_column.av-jgf3pjem-ee2a691ebc0a9a100bc99d372a9c72ca{\nmargin-top:0px;\nmargin-bottom:0px;\n}\n.flex_column.av-jgf3pjem-ee2a691ebc0a9a100bc99d372a9c72ca{\nborder-radius:0px 0px 0px 0px;\npadding:0px 0px 0px 0px;\n}\n.responsive #top #wrap_all .flex_column.av-jgf3pjem-ee2a691ebc0a9a100bc99d372a9c72ca{\nmargin-top:0px;\nmargin-bottom:0px;\n}\n<\/style>\n<div  class='flex_column av-jgf3pjem-ee2a691ebc0a9a100bc99d372a9c72ca av_one_full  avia-builder-el-1  el_before_av_one_third  avia-builder-el-first  first flex_column_div av-animated-generic left-to-right av-zero-column-padding  '     ><style type=\"text\/css\" data-created_by=\"avia_inline_auto\" id=\"style-css-av-37xou-f5d603c8472fa2b24d188c48da35dd41\">\n#top .av-special-heading.av-37xou-f5d603c8472fa2b24d188c48da35dd41{\nmargin:150px 0 150px 0;\npadding-bottom:0;\ncolor:#ffffff;\nfont-size:5vw;\n}\nbody .av-special-heading.av-37xou-f5d603c8472fa2b24d188c48da35dd41 .av-special-heading-tag .heading-char{\nfont-size:25px;\n}\n#top #wrap_all .av-special-heading.av-37xou-f5d603c8472fa2b24d188c48da35dd41 .av-special-heading-tag{\nfont-size:5vw;\n}\n.av-special-heading.av-37xou-f5d603c8472fa2b24d188c48da35dd41 .special-heading-inner-border{\nborder-color:#ffffff;\n}\n.av-special-heading.av-37xou-f5d603c8472fa2b24d188c48da35dd41 .av-subheading{\nfont-size:25px;\n}\n\n@media only screen and (min-width: 480px) and (max-width: 767px){ \n#top #wrap_all .av-special-heading.av-37xou-f5d603c8472fa2b24d188c48da35dd41 .av-special-heading-tag{\nfont-size:0.8em;\n}\n}\n\n@media only screen and (max-width: 479px){ \n#top #wrap_all .av-special-heading.av-37xou-f5d603c8472fa2b24d188c48da35dd41 .av-special-heading-tag{\nfont-size:0.8em;\n}\n}\n<\/style>\n<div  class='av-special-heading av-37xou-f5d603c8472fa2b24d188c48da35dd41 av-special-heading-h2 custom-color-heading blockquote modern-quote modern-centered  avia-builder-el-2  avia-builder-el-no-sibling  av-inherit-size'><div class='av_custom_color av-subheading av-subheading_above'><p>Nuestra aspiraci\u00f3n<\/p>\n<\/div><h2 class='av-special-heading-tag '  itemprop=\"headline\"  >Hacia una longevidad positiva<\/h2><div class=\"special-heading-border\"><div class=\"special-heading-inner-border\"><\/div><\/div><\/div><\/div><div class='flex_column_table av-9wkhy-40794d0ad6f0b30f35efdbe231e9230e sc-av_one_third av-equal-height-column-flextable'>\n<style type=\"text\/css\" data-created_by=\"avia_inline_auto\" id=\"style-css-av-9wkhy-40794d0ad6f0b30f35efdbe231e9230e\">\n#top .flex_column_table.av-equal-height-column-flextable.av-9wkhy-40794d0ad6f0b30f35efdbe231e9230e{\nmargin-top:0px;\nmargin-bottom:70px;\n}\n.flex_column.av-9wkhy-40794d0ad6f0b30f35efdbe231e9230e{\nborder-radius:0px 0px 0px 0px;\npadding:40px 40px 40px 40px;\nbackground-color:#ffffff;\n}\n<\/style>\n<div  class='flex_column av-9wkhy-40794d0ad6f0b30f35efdbe231e9230e av_one_third  avia-builder-el-3  el_after_av_one_full  el_before_av_one_third  first no_margin flex_column_table_cell av-equal-height-column av-align-middle av-animated-generic left-to-right  column-top-margin'     ><style type=\"text\/css\" data-created_by=\"avia_inline_auto\" id=\"style-css-av-q9d9a-d9d00bacbfe6f2b6d74e09252366f1d3\">\n#top .av-special-heading.av-q9d9a-d9d00bacbfe6f2b6d74e09252366f1d3{\npadding-bottom:10px;\n}\nbody .av-special-heading.av-q9d9a-d9d00bacbfe6f2b6d74e09252366f1d3 .av-special-heading-tag .heading-char{\nfont-size:25px;\n}\n.av-special-heading.av-q9d9a-d9d00bacbfe6f2b6d74e09252366f1d3 .av-subheading{\nfont-size:15px;\n}\n<\/style>\n<div  class='av-special-heading av-q9d9a-d9d00bacbfe6f2b6d74e09252366f1d3 av-special-heading-h2 custom-color-heading blockquote modern-quote modern-centered  avia-builder-el-4  avia-builder-el-no-sibling '><h2 class='av-special-heading-tag '  itemprop=\"headline\"  >Bienestar Integral y Conexi\u00f3n Social<\/h2><div class=\"special-heading-border\"><div class=\"special-heading-inner-border\"><\/div><\/div><\/div><\/div>\n<style type=\"text\/css\" data-created_by=\"avia_inline_auto\" id=\"style-css-av-9wkhy-64-9e205f3ff09aa85ef191db2744c0eba2\">\n#top .flex_column_table.av-equal-height-column-flextable.av-9wkhy-64-9e205f3ff09aa85ef191db2744c0eba2{\nmargin-top:0px;\nmargin-bottom:70px;\n}\n.flex_column.av-9wkhy-64-9e205f3ff09aa85ef191db2744c0eba2{\nborder-radius:0px 0px 0px 0px;\npadding:40px 40px 40px 40px;\nbackground-color:#094978;\nbackground:linear-gradient( to top right, #094978, #105e96 );\n}\n<\/style>\n<div  class='flex_column av-9wkhy-64-9e205f3ff09aa85ef191db2744c0eba2 av_one_third  avia-builder-el-5  el_after_av_one_third  el_before_av_one_third  no_margin flex_column_table_cell av-equal-height-column av-align-middle av-animated-generic left-to-right  column-top-margin'     ><style type=\"text\/css\" data-created_by=\"avia_inline_auto\" id=\"style-css-av-kizh2-8e5953b369faa75eb9e3c11115c0d1a5\">\n#top .av-special-heading.av-kizh2-8e5953b369faa75eb9e3c11115c0d1a5{\npadding-bottom:10px;\ncolor:#ffffff;\n}\nbody .av-special-heading.av-kizh2-8e5953b369faa75eb9e3c11115c0d1a5 .av-special-heading-tag .heading-char{\nfont-size:25px;\n}\n.av-special-heading.av-kizh2-8e5953b369faa75eb9e3c11115c0d1a5 .special-heading-inner-border{\nborder-color:#ffffff;\n}\n.av-special-heading.av-kizh2-8e5953b369faa75eb9e3c11115c0d1a5 .av-subheading{\nfont-size:15px;\n}\n<\/style>\n<div  class='av-special-heading av-kizh2-8e5953b369faa75eb9e3c11115c0d1a5 av-special-heading-h2 custom-color-heading blockquote modern-quote modern-centered  avia-builder-el-6  avia-builder-el-no-sibling '><h2 class='av-special-heading-tag '  itemprop=\"headline\"  >Tecnolog\u00eda al servicio de los adultos mayores<\/h2><div class=\"special-heading-border\"><div class=\"special-heading-inner-border\"><\/div><\/div><\/div><\/div>\n<style type=\"text\/css\" data-created_by=\"avia_inline_auto\" id=\"style-css-av-9wkhy-60-585665c4ded76811772c28e2b2e83834\">\n#top .flex_column_table.av-equal-height-column-flextable.av-9wkhy-60-585665c4ded76811772c28e2b2e83834{\nmargin-top:0px;\nmargin-bottom:70px;\n}\n.flex_column.av-9wkhy-60-585665c4ded76811772c28e2b2e83834{\nborder-radius:0px 0px 0px 0px;\npadding:40px 40px 40px 40px;\nbackground-color:#072f4c;\nbackground:linear-gradient( to top right, #072f4c, #0c4771 );\n}\n<\/style>\n<div  class='flex_column av-9wkhy-60-585665c4ded76811772c28e2b2e83834 av_one_third  avia-builder-el-7  el_after_av_one_third  avia-builder-el-last  no_margin flex_column_table_cell av-equal-height-column av-align-middle av-animated-generic left-to-right  column-top-margin'     ><style type=\"text\/css\" data-created_by=\"avia_inline_auto\" id=\"style-css-av-gnh3i-1e2bd8323d103be18824957a536bb5ac\">\n#top .av-special-heading.av-gnh3i-1e2bd8323d103be18824957a536bb5ac{\npadding-bottom:10px;\ncolor:#ffffff;\n}\nbody .av-special-heading.av-gnh3i-1e2bd8323d103be18824957a536bb5ac .av-special-heading-tag .heading-char{\nfont-size:25px;\n}\n.av-special-heading.av-gnh3i-1e2bd8323d103be18824957a536bb5ac .special-heading-inner-border{\nborder-color:#ffffff;\n}\n.av-special-heading.av-gnh3i-1e2bd8323d103be18824957a536bb5ac .av-subheading{\nfont-size:15px;\n}\n<\/style>\n<div  class='av-special-heading av-gnh3i-1e2bd8323d103be18824957a536bb5ac av-special-heading-h2 custom-color-heading blockquote modern-quote modern-centered  avia-builder-el-8  avia-builder-el-no-sibling '><h2 class='av-special-heading-tag '  itemprop=\"headline\"  >Vida independiente y Vida Asistida<\/h2><div class=\"special-heading-border\"><div class=\"special-heading-inner-border\"><\/div><\/div><\/div><\/div><\/div><!--close column table wrapper. Autoclose: 1 -->\n\n<\/div><\/div><\/main><!-- close content main element --><\/div><\/div><\/div><div id='av_section_2'  class='avia-section av-qet8u-83147d0d40d9d249d4aacaaedd222aa0 main_color avia-section-huge avia-no-border-styling  avia-builder-el-9  el_after_av_section  el_before_av_section  avia-bg-style-scroll container_wrap fullsize'  ><div class='container av-section-cont-open' ><div class='template-page content  av-content-full alpha units'><div class='post-entry post-entry-type-page post-entry-102'><div class='entry-content-wrapper clearfix'>\n\n<style type=\"text\/css\" data-created_by=\"avia_inline_auto\" id=\"style-css-av-9wkhy-56-30be4610356950455d426a962195dde1\">\n#top .flex_column.av-9wkhy-56-30be4610356950455d426a962195dde1{\nmargin-top:0px;\nmargin-bottom:0px;\n}\n.flex_column.av-9wkhy-56-30be4610356950455d426a962195dde1{\nborder-radius:3px 3px 3px 3px;\npadding:0px 0px 0px 0px;\n}\n.responsive #top #wrap_all .flex_column.av-9wkhy-56-30be4610356950455d426a962195dde1{\nmargin-top:0px;\nmargin-bottom:0px;\n}\n<\/style>\n<div  class='flex_column av-9wkhy-56-30be4610356950455d426a962195dde1 av_one_third  avia-builder-el-10  el_before_av_one_third  avia-builder-el-first  first flex_column_div av-animated-generic left-to-right av-zero-column-padding  '     ><p>\n<style type=\"text\/css\" data-created_by=\"avia_inline_auto\" id=\"style-css-av-jgqkifiw-20f6d793768454d38615dfda7eddfe49\">\n.avia-image-container.av-jgqkifiw-20f6d793768454d38615dfda7eddfe49 img.avia_image{\nbox-shadow:none;\n}\n.avia-image-container.av-jgqkifiw-20f6d793768454d38615dfda7eddfe49 .av-image-caption-overlay-center{\ncolor:#ffffff;\n}\n<\/style>\n<div  class='avia-image-container av-jgqkifiw-20f6d793768454d38615dfda7eddfe49 av-styling- avia-align-center  avia-builder-el-11  el_before_av_heading  avia-builder-el-first '   itemprop=\"image\" itemscope=\"itemscope\" itemtype=\"https:\/\/schema.org\/ImageObject\" ><div class=\"avia-image-container-inner\"><div class=\"avia-image-overlay-wrap\"><img decoding=\"async\" fetchpriority=\"high\" class='wp-image-865 avia-img-lazy-loading-not-865 avia_image ' src=\"https:\/\/www.nanai.living\/wp-content\/uploads\/2025\/03\/Nanai_Home_Amigos-800x430.jpg\" alt='' title='Nanai_Home_Amigos'  height=\"430\" width=\"800\"  itemprop=\"thumbnailUrl\"  \/><\/div><\/div><\/div><br \/>\n\n<style type=\"text\/css\" data-created_by=\"avia_inline_auto\" id=\"style-css-av-vuuce-d2c247fdf9a066f3ebf8aa17045774ff\">\n#top .av-special-heading.av-vuuce-d2c247fdf9a066f3ebf8aa17045774ff{\nmargin:15px 0 0 0;\npadding-bottom:10px;\n}\nbody .av-special-heading.av-vuuce-d2c247fdf9a066f3ebf8aa17045774ff .av-special-heading-tag .heading-char{\nfont-size:25px;\n}\n.av-special-heading.av-vuuce-d2c247fdf9a066f3ebf8aa17045774ff .av-subheading{\nfont-size:15px;\n}\n<\/style>\n<div  class='av-special-heading av-vuuce-d2c247fdf9a066f3ebf8aa17045774ff av-special-heading-h2 blockquote modern-quote modern-centered  avia-builder-el-12  el_after_av_image  el_before_av_textblock '><h2 class='av-special-heading-tag '  itemprop=\"headline\"  >Sociabilizaci\u00f3n y bienestar<\/h2><div class=\"special-heading-border\"><div class=\"special-heading-inner-border\"><\/div><\/div><\/div><br \/>\n<section  class='av_textblock_section av-jgds8wgh-55-bb4eec6af4753c51a56cfead3251812d '   itemscope=\"itemscope\" itemtype=\"https:\/\/schema.org\/CreativeWork\" ><div class='avia_textblock'  itemprop=\"text\" ><p style=\"text-align: center;\">La sociabilizaci\u00f3n en los adultos mayores es esencial para su bienestar integral, ya que fomenta una vida m\u00e1s activa y plena, mejorando no solo las relaciones interpersonales, sino tambi\u00e9n las oportunidades de mantener una buena salud f\u00edsica y mental a lo largo del tiempo.<\/p>\n<\/div><\/section><\/p><\/div>\n<style type=\"text\/css\" data-created_by=\"avia_inline_auto\" id=\"style-css-av-9wkhy-49-1a70d2636830e6c763c40986d1164842\">\n#top .flex_column.av-9wkhy-49-1a70d2636830e6c763c40986d1164842{\nmargin-top:0px;\nmargin-bottom:0px;\n}\n.flex_column.av-9wkhy-49-1a70d2636830e6c763c40986d1164842{\nborder-radius:3px 3px 3px 3px;\npadding:0px 0px 0px 0px;\n}\n.responsive #top #wrap_all .flex_column.av-9wkhy-49-1a70d2636830e6c763c40986d1164842{\nmargin-top:0px;\nmargin-bottom:0px;\n}\n<\/style>\n<div  class='flex_column av-9wkhy-49-1a70d2636830e6c763c40986d1164842 av_one_third  avia-builder-el-14  el_after_av_one_third  el_before_av_one_third  flex_column_div av-animated-generic left-to-right av-zero-column-padding  '     ><p>\n<style type=\"text\/css\" data-created_by=\"avia_inline_auto\" id=\"style-css-av-jgqkifiw-48-62fa3f983866a6462611513988d16b42\">\n.avia-image-container.av-jgqkifiw-48-62fa3f983866a6462611513988d16b42 img.avia_image{\nbox-shadow:none;\n}\n.avia-image-container.av-jgqkifiw-48-62fa3f983866a6462611513988d16b42 .av-image-caption-overlay-center{\ncolor:#ffffff;\n}\n<\/style>\n<div  class='avia-image-container av-jgqkifiw-48-62fa3f983866a6462611513988d16b42 av-styling- avia-align-center  avia-builder-el-15  el_before_av_heading  avia-builder-el-first '   itemprop=\"image\" itemscope=\"itemscope\" itemtype=\"https:\/\/schema.org\/ImageObject\" ><div class=\"avia-image-container-inner\"><div class=\"avia-image-overlay-wrap\"><img decoding=\"async\" fetchpriority=\"high\" class='wp-image-867 avia-img-lazy-loading-not-867 avia_image ' src=\"https:\/\/www.nanai.living\/wp-content\/uploads\/2025\/03\/Nanai_Home_Tech-800x430.jpg\" alt='' title='Nanai_Home_Tech'  height=\"430\" width=\"800\"  itemprop=\"thumbnailUrl\"  \/><\/div><\/div><\/div><br \/>\n\n<style type=\"text\/css\" data-created_by=\"avia_inline_auto\" id=\"style-css-av-qisri-755333b709a948e6041e82b3aa9199fc\">\n#top .av-special-heading.av-qisri-755333b709a948e6041e82b3aa9199fc{\nmargin:15px 0 0 0;\npadding-bottom:10px;\n}\nbody .av-special-heading.av-qisri-755333b709a948e6041e82b3aa9199fc .av-special-heading-tag .heading-char{\nfont-size:25px;\n}\n.av-special-heading.av-qisri-755333b709a948e6041e82b3aa9199fc .av-subheading{\nfont-size:15px;\n}\n<\/style>\n<div  class='av-special-heading av-qisri-755333b709a948e6041e82b3aa9199fc av-special-heading-h2 blockquote modern-quote modern-centered  avia-builder-el-16  el_after_av_image  el_before_av_textblock '><h2 class='av-special-heading-tag '  itemprop=\"headline\"  >Monitoreo y Comunicaci\u00f3n<\/h2><div class=\"special-heading-border\"><div class=\"special-heading-inner-border\"><\/div><\/div><\/div><br \/>\n<section  class='av_textblock_section av-jgds8wgh-47-db2ff2947c8abbc011cb4ba1d78ef98b '   itemscope=\"itemscope\" itemtype=\"https:\/\/schema.org\/CreativeWork\" ><div class='avia_textblock'  itemprop=\"text\" ><p style=\"text-align: center;\">El monitoreo permanente y centralizado de la salud, y la comunicaci\u00f3n inmediata con las familias y amigos, garantiza un cuidado continuo y efectivo, brindando seguridad y apoyo constante a los adultos mayores en su entorno diario.<\/p>\n<\/div><\/section><\/p><\/div>\n<style type=\"text\/css\" data-created_by=\"avia_inline_auto\" id=\"style-css-av-9wkhy-46-57845589dfdbe5ad8db59e894c182661\">\n#top .flex_column.av-9wkhy-46-57845589dfdbe5ad8db59e894c182661{\nmargin-top:0px;\nmargin-bottom:0px;\n}\n.flex_column.av-9wkhy-46-57845589dfdbe5ad8db59e894c182661{\nborder-radius:3px 3px 3px 3px;\npadding:0px 0px 0px 0px;\n}\n.responsive #top #wrap_all .flex_column.av-9wkhy-46-57845589dfdbe5ad8db59e894c182661{\nmargin-top:0px;\nmargin-bottom:0px;\n}\n<\/style>\n<div  class='flex_column av-9wkhy-46-57845589dfdbe5ad8db59e894c182661 av_one_third  avia-builder-el-18  el_after_av_one_third  avia-builder-el-last  flex_column_div av-animated-generic left-to-right av-zero-column-padding  '     ><p>\n<style type=\"text\/css\" data-created_by=\"avia_inline_auto\" id=\"style-css-av-jgqkifiw-45-737c0556552461a5df7ee5ae629fe406\">\n.avia-image-container.av-jgqkifiw-45-737c0556552461a5df7ee5ae629fe406 img.avia_image{\nbox-shadow:none;\n}\n.avia-image-container.av-jgqkifiw-45-737c0556552461a5df7ee5ae629fe406 .av-image-caption-overlay-center{\ncolor:#ffffff;\n}\n<\/style>\n<div  class='avia-image-container av-jgqkifiw-45-737c0556552461a5df7ee5ae629fe406 av-styling- avia-align-center  avia-builder-el-19  el_before_av_heading  avia-builder-el-first '   itemprop=\"image\" itemscope=\"itemscope\" itemtype=\"https:\/\/schema.org\/ImageObject\" ><div class=\"avia-image-container-inner\"><div class=\"avia-image-overlay-wrap\"><img decoding=\"async\" fetchpriority=\"high\" class='wp-image-868 avia-img-lazy-loading-not-868 avia_image ' src=\"https:\/\/www.nanai.living\/wp-content\/uploads\/2025\/03\/Nanai_Home_Pile-800x430.jpg\" alt='' title='Nanai_Home_Pile'  height=\"430\" width=\"800\"  itemprop=\"thumbnailUrl\"  \/><\/div><\/div><\/div><br \/>\n\n<style type=\"text\/css\" data-created_by=\"avia_inline_auto\" id=\"style-css-av-n5bb2-58a09ff0216b8e49c9605c253dc05218\">\n#top .av-special-heading.av-n5bb2-58a09ff0216b8e49c9605c253dc05218{\nmargin:15px 0 0 0;\npadding-bottom:10px;\n}\nbody .av-special-heading.av-n5bb2-58a09ff0216b8e49c9605c253dc05218 .av-special-heading-tag .heading-char{\nfont-size:25px;\n}\n.av-special-heading.av-n5bb2-58a09ff0216b8e49c9605c253dc05218 .av-subheading{\nfont-size:15px;\n}\n<\/style>\n<div  class='av-special-heading av-n5bb2-58a09ff0216b8e49c9605c253dc05218 av-special-heading-h2 blockquote modern-quote modern-centered  avia-builder-el-20  el_after_av_image  el_before_av_textblock '><h2 class='av-special-heading-tag '  itemprop=\"headline\"  >Actividad y Movimiento<\/h2><div class=\"special-heading-border\"><div class=\"special-heading-inner-border\"><\/div><\/div><\/div><br \/>\n<section  class='av_textblock_section av-jgds8wgh-44-d245201d64457a54bb9aa8ca6fd9d631 '   itemscope=\"itemscope\" itemtype=\"https:\/\/schema.org\/CreativeWork\" ><div class='avia_textblock'  itemprop=\"text\" ><p style=\"text-align: center;\">Fomentamos la actividad f\u00edsica como una herramienta esencial para una mejor salud emocional, reduciendo el estr\u00e9s y al mismo tiempo favorecemos el mantenimiento y la mejora de las habilidades cognitivas, asegurando un envejecimiento saludable y activo.<\/p>\n<\/div><\/section><\/p><\/div>\n\n<\/div><\/div><\/div><!-- close content main div --><\/div><\/div>\n<style type=\"text\/css\" data-created_by=\"avia_inline_auto\" id=\"style-css-av-qet8u-52-d63b981abb85d68a9ac79c3352fa1624\">\n.avia-section.av-qet8u-52-d63b981abb85d68a9ac79c3352fa1624{\nbackground-color:#094978;\nbackground:linear-gradient( to top right, #094978, #105e96 );\n}\n<\/style>\n<div id='av_section_3'  class='avia-section av-qet8u-52-d63b981abb85d68a9ac79c3352fa1624 main_color avia-section-default avia-no-border-styling  avia-builder-el-22  el_after_av_section  el_before_av_one_third  avia-bg-style-scroll container_wrap fullsize'  ><div class='container av-section-cont-open' ><div class='template-page content  av-content-full alpha units'><div class='post-entry post-entry-type-page post-entry-102'><div class='entry-content-wrapper clearfix'>\n<div class='flex_column_table av-lsyke-2634925810cdf971c2a347148155bd71 sc-av_one_full av-equal-height-column-flextable'>\n<style type=\"text\/css\" data-created_by=\"avia_inline_auto\" id=\"style-css-av-lsyke-2634925810cdf971c2a347148155bd71\">\n.flex_column.av-lsyke-2634925810cdf971c2a347148155bd71{\nborder-radius:0px 0px 0px 0px;\npadding:0px 0px 0px 0px;\n}\n<\/style>\n<div  class='flex_column av-lsyke-2634925810cdf971c2a347148155bd71 av_one_full  avia-builder-el-23  avia-builder-el-no-sibling  first flex_column_table_cell av-equal-height-column av-align-middle av-zero-column-padding  '     ><p>\n<style type=\"text\/css\" data-created_by=\"avia_inline_auto\" id=\"style-css-av-6qb2m-a28879cfa313510781bf3988820f1e35\">\n#top .av-special-heading.av-6qb2m-a28879cfa313510781bf3988820f1e35{\npadding-bottom:30px;\ncolor:#ffffff;\nfont-size:27px;\n}\nbody .av-special-heading.av-6qb2m-a28879cfa313510781bf3988820f1e35 .av-special-heading-tag .heading-char{\nfont-size:25px;\n}\n#top #wrap_all .av-special-heading.av-6qb2m-a28879cfa313510781bf3988820f1e35 .av-special-heading-tag{\nfont-size:27px;\n}\n.av-special-heading.av-6qb2m-a28879cfa313510781bf3988820f1e35 .special-heading-inner-border{\nborder-color:#ffffff;\n}\n.av-special-heading.av-6qb2m-a28879cfa313510781bf3988820f1e35 .av-subheading{\nfont-size:15px;\n}\n\n@media only screen and (min-width: 480px) and (max-width: 767px){ \n#top #wrap_all .av-special-heading.av-6qb2m-a28879cfa313510781bf3988820f1e35 .av-special-heading-tag{\nfont-size:0.8em;\n}\n}\n\n@media only screen and (max-width: 479px){ \n#top #wrap_all .av-special-heading.av-6qb2m-a28879cfa313510781bf3988820f1e35 .av-special-heading-tag{\nfont-size:0.8em;\n}\n}\n<\/style>\n<div  class='av-special-heading av-6qb2m-a28879cfa313510781bf3988820f1e35 av-special-heading-h4 custom-color-heading blockquote modern-quote modern-centered  avia-builder-el-24  el_before_av_button  avia-builder-el-first  av-inherit-size'><h4 class='av-special-heading-tag '  itemprop=\"headline\"  >Bienvenidos<\/h4><div class='av_custom_color av-subheading av-subheading_below'><p>Nanai, un lugar para construir momentos inolvidables con familia y amigos<\/p>\n<\/div><div class=\"special-heading-border\"><div class=\"special-heading-inner-border\"><\/div><\/div><\/div><br \/>\n<div  class='avia-button-wrap av-jgf4ovnq-53-880ef82ea4977e5c9f1ca5023a8889a6-wrap avia-button-center  avia-builder-el-25  el_after_av_heading  avia-builder-el-last '>\n<style type=\"text\/css\" data-created_by=\"avia_inline_auto\" id=\"style-css-av-jgf4ovnq-53-880ef82ea4977e5c9f1ca5023a8889a6\">\n#top #wrap_all .avia-button.av-jgf4ovnq-53-880ef82ea4977e5c9f1ca5023a8889a6{\nbackground-color:#ffffff;\nborder-color:#ffffff;\ncolor:#000000;\ntransition:all 0.4s ease-in-out;\n}\n#top #wrap_all .avia-button.av-jgf4ovnq-53-880ef82ea4977e5c9f1ca5023a8889a6 .avia-svg-icon svg:first-child{\nfill:#000000;\nstroke:#000000;\n}\n<\/style>\n<a href='https:\/\/www.nanai.living\/index.php\/contactanos\/'  class='avia-button av-jgf4ovnq-53-880ef82ea4977e5c9f1ca5023a8889a6 av-link-btn avia-icon_select-no avia-size-large avia-position-center av-icon-on-hover'   aria-label=\"Contactanos\"><span class='avia_iconbox_title' >Contactanos<\/span><\/a><\/div><\/p><\/div><\/div><!--close column table wrapper. Autoclose: 1 -->\n<\/div><\/div><\/div><!-- close content main div --><\/div><\/div><div id='after_section_3'  class='main_color av_default_container_wrap container_wrap fullsize'  ><div class='container av-section-cont-open' ><div class='template-page content  av-content-full alpha units'><div class='post-entry post-entry-type-page post-entry-102'><div class='entry-content-wrapper clearfix'>\n<div  class='flex_column av-k3n06-1d6c51ea3bb66d678be14756f7bcdb37 av_one_third  avia-builder-el-26  el_after_av_section  el_before_av_one_third  avia-builder-el-first  first flex_column_div  '     ><\/div>\n<div  class='flex_column av-ei6ou-db578f248855871c4f523f14cf4c31db av_one_third  avia-builder-el-27  el_after_av_one_third  el_before_av_one_third  flex_column_div  '     ><section  class='av_textblock_section av-m9hn4xln-2f8a83764dd00e219552ca88da042337 '   itemscope=\"itemscope\" itemtype=\"https:\/\/schema.org\/CreativeWork\" ><div class='avia_textblock'  itemprop=\"text\" ><p style=\"text-align: center;\"><a href=\"https:\/\/www.innovacion3am.com\/\">Nanai.living es un proyecto de 3am<\/a><\/p>\n<\/div><\/section><\/div>\n<div  class='flex_column av-9o0mm-56d8ed0763cfb22250e1ceda4a3f2040 av_one_third  avia-builder-el-29  el_after_av_one_third  avia-builder-el-last  flex_column_div  '     ><\/div>\n","protected":false},"excerpt":{"rendered":"","protected":false},"author":1,"featured_media":0,"parent":0,"menu_order":0,"comment_status":"open","ping_status":"closed","template":"","meta":{"footnotes":""},"class_list":["post-102","page","type-page","status-publish","hentry"],"jetpack_sharing_enabled":true,"_links":{"self":[{"href":"https:\/\/www.nanai.living\/index.php\/wp-json\/wp\/v2\/pages\/102","targetHints":{"allow":["GET"]}}],"collection":[{"href":"https:\/\/www.nanai.living\/index.php\/wp-json\/wp\/v2\/pages"}],"about":[{"href":"https:\/\/www.nanai.living\/index.php\/wp-json\/wp\/v2\/types\/page"}],"author":[{"embeddable":true,"href":"https:\/\/www.nanai.living\/index.php\/wp-json\/wp\/v2\/users\/1"}],"replies":[{"embeddable":true,"href":"https:\/\/www.nanai.living\/index.php\/wp-json\/wp\/v2\/comments?post=102"}],"version-history":[{"count":16,"href":"https:\/\/www.nanai.living\/index.php\/wp-json\/wp\/v2\/pages\/102\/revisions"}],"predecessor-version":[{"id":939,"href":"https:\/\/www.nanai.living\/index.php\/wp-json\/wp\/v2\/pages\/102\/revisions\/939"}],"wp:attachment":[{"href":"https:\/\/www.nanai.living\/index.php\/wp-json\/wp\/v2\/media?parent=102"}],"curies":[{"name":"wp","href":"https:\/\/api.w.org\/{rel}","templated":true}]}}